{"id":800,"date":"2021-02-23T03:21:45","date_gmt":"2021-02-23T03:21:45","guid":{"rendered":"http:\/\/ugestalt.edu.mx\/space\/contact\/"},"modified":"2024-09-19T23:01:19","modified_gmt":"2024-09-19T23:01:19","slug":"contact","status":"publish","type":"page","link":"https:\/\/ugestalt.edu.mx\/space\/contact\/","title":{"rendered":"Contacto"},"content":{"rendered":"\t\t<div data-elementor-type=\"wp-page\" data-elementor-id=\"800\" class=\"elementor elementor-800\">\n\t\t\t\t\t\t<div class=\"elementor-inner\">\n\t\t\t\t<div class=\"elementor-section-wrap\">\n\t\t\t\t\t\t\t\t\t<section class=\"elementor-section elementor-top-section elementor-element elementor-element-4d2c2cd elementor-section-boxed elementor-section-gap-beside-yes elementor-section-height-default elementor-section-height-default elementor-section-content-align-center elementor-section-column-vertical-align-stretch\" data-id=\"4d2c2cd\" data-element_type=\"section\">\n\t\t\t\t\t\t<div class=\"elementor-container elementor-column-gap-extended\">\n\t\t\t\t\t\t\t<div class=\"elementor-row\">\n\t\t\t\t\t<div class=\"elementor-column elementor-col-100 elementor-top-column elementor-element elementor-element-e98e574\" data-id=\"e98e574\" data-element_type=\"column\">\n\t\t\t<div class=\"elementor-column-wrap elementor-element-populated\">\n\t\t\t\t\t\t\t<div class=\"elementor-widget-wrap\">\n\t\t\t\t\t\t<div class=\"elementor-element elementor-element-7605803 elementor-invisible elementor-widget elementor-widget-tm-heading\" data-id=\"7605803\" data-element_type=\"widget\" data-settings=\"{&quot;_animation&quot;:&quot;unicampFadeInUp&quot;}\" data-widget_type=\"tm-heading.default\">\n\t\t\t\t<div class=\"elementor-widget-container\">\n\t\t\t\t\t<div class=\"tm-modern-heading\">\n\t\t\t\n\t\t\t\t\t<div class=\"heading-primary-wrap\">\n\t\t\t<h2 class=\"heading-primary elementor-heading-title\">Informaci\u00f3n General<\/h2>\t\t<\/div>\n\t\t\n\t\t\t\t    <div class=\"heading-divider\"><\/div>\n\t    \n\t\t\t\t\t<\/div>\n\t\t\t\t<\/div>\n\t\t\t\t<\/div>\n\t\t\t\t<section class=\"elementor-section elementor-inner-section elementor-element elementor-element-895674b elementor-section-gap-beside-no elementor-section-boxed elementor-section-height-default elementor-section-height-default elementor-section-column-vertical-align-stretch\" data-id=\"895674b\" data-element_type=\"section\">\n\t\t\t\t\t\t<div class=\"elementor-container elementor-column-gap-extended\">\n\t\t\t\t\t\t\t<div class=\"elementor-row\">\n\t\t\t\t\t<div class=\"elementor-column elementor-col-33 elementor-inner-column elementor-element elementor-element-e640d96\" data-id=\"e640d96\" data-element_type=\"column\">\n\t\t\t<div class=\"elementor-column-wrap elementor-element-populated\">\n\t\t\t\t\t\t\t<div class=\"elementor-widget-wrap\">\n\t\t\t\t\t\t<div class=\"elementor-element elementor-element-535f173 unicamp-icon-box-style-05 unicamp-graphic-position-left unicamp-view-default unicamp-graphic-mobile-position-top-yes unicamp-graphic-ver-align-top elementor-invisible elementor-widget elementor-widget-tm-icon-box\" data-id=\"535f173\" data-element_type=\"widget\" data-settings=\"{&quot;_animation&quot;:&quot;unicampFadeInUp&quot;}\" data-widget_type=\"tm-icon-box.default\">\n\t\t\t\t<div class=\"elementor-widget-container\">\n\t\t\t\t\t<a class=\"tm-icon-box unicamp-box has-link link-secret\" href=\"https:\/\/www.google.com\/maps\/place\/\/data=!4m2!3m1!1s0x85d1f8adaa2ba791:0x66bc62197323e56a?source=g.page.share\">\n\t\t<div class=\"unicamp-graphic-box icon-box-wrapper\">\n\t\t\t\t\t<div class=\"unicamp-graphic-element unicamp-icon-wrap\">\n\t\t\t<div class=\"unicamp-icon-view first\">\n\t\t\t\t<div class=\"unicamp-icon-view-inner\">\n\t\t\t\t\t<div class=\"unicamp-icon icon\">\n\t\t\t\t\t\t<i aria-hidden=\"true\" class=\"fal fa-map-marker-alt\"><\/i>\t\t\t\t\t<\/div>\n\t\t\t\t<\/div>\n\t\t\t<\/div>\n\n\t\t\t\t\t<\/div>\n\t\t\n\t\t\t<div class=\"unicamp-graphic-content icon-box-content\">\n\t\t\t\t\t\t<div class=\"heading-wrap\">\n\t\t\t<h3 class=\"heading\">Ubicaci\u00f3n<\/h3>\n\t\t\t\t\t<\/div>\n\t\t\n\t\t\t\t\t\t<div class=\"description-wrap\">\n\t\t\t<div class=\"description\">\n\t\t\t\tHerschel 139 y 143 Col. Nueva Anzures Alcald\u00eda Miguel Hidalgo CP 11590\t\t\t<\/div>\n\t\t<\/div>\n\t\t\n\t\t\t\t\t\t<div class=\"tm-button-wrapper\">\n\t\t\t<div class=\"tm-button style-text tm-button-nm icon-left\">\t\t\t<div class=\"button-content-wrapper\">\n\t\t\t\t\t\t\t\t\t<span class=\"button-icon\">\n\t\t\t\t\t\t\t<i class=\"far fa-map-marked-alt\"><\/i>\t\t\t\t\t\t<\/span>\n\t\t\t\t\n\t\t\t\t\t\t\t\t\t<span class=\"button-text\">Google Maps<\/span>\n\t\t\t\t\n\t\t\t\t\t\t\t<\/div>\n\t\t\t<\/div>\t\t<\/div>\n\t\t\t\t\t<\/div>\n\t\t<\/div>\n\n\t\t<\/a>\t\t\t\t<\/div>\n\t\t\t\t<\/div>\n\t\t\t\t\t\t<\/div>\n\t\t\t\t\t<\/div>\n\t\t<\/div>\n\t\t\t\t<div class=\"elementor-column elementor-col-33 elementor-inner-column elementor-element elementor-element-bb3cb7a\" data-id=\"bb3cb7a\" data-element_type=\"column\">\n\t\t\t<div class=\"elementor-column-wrap elementor-element-populated\">\n\t\t\t\t\t\t\t<div class=\"elementor-widget-wrap\">\n\t\t\t\t\t\t<div class=\"elementor-element elementor-element-ceb7c29 unicamp-icon-box-style-05 unicamp-graphic-position-left unicamp-view-default unicamp-graphic-mobile-position-top-yes unicamp-graphic-ver-align-top elementor-invisible elementor-widget elementor-widget-tm-icon-box\" data-id=\"ceb7c29\" data-element_type=\"widget\" data-settings=\"{&quot;_animation&quot;:&quot;unicampFadeInUp&quot;}\" data-widget_type=\"tm-icon-box.default\">\n\t\t\t\t<div class=\"elementor-widget-container\">\n\t\t\t\t\t<div class=\"tm-icon-box unicamp-box\">\n\t\t<div class=\"unicamp-graphic-box icon-box-wrapper\">\n\t\t\t\t\t<div class=\"unicamp-graphic-element unicamp-icon-wrap\">\n\t\t\t<div class=\"unicamp-icon-view first\">\n\t\t\t\t<div class=\"unicamp-icon-view-inner\">\n\t\t\t\t\t<div class=\"unicamp-icon icon\">\n\t\t\t\t\t\t<i aria-hidden=\"true\" class=\"fal fa-phone\"><\/i>\t\t\t\t\t<\/div>\n\t\t\t\t<\/div>\n\t\t\t<\/div>\n\n\t\t\t\t\t<\/div>\n\t\t\n\t\t\t<div class=\"unicamp-graphic-content icon-box-content\">\n\t\t\t\t\t\t<div class=\"heading-wrap\">\n\t\t\t<h3 class=\"heading\">Tel\u00e9fonos<\/h3>\n\t\t\t\t\t<\/div>\n\t\t\n\t\t\t\t\t\t<div class=\"description-wrap\">\n\t\t\t<div class=\"description\">\n\t\t\t\tL\u00ednea Gestalt: <strong class=\"heading-color\">(+52) 55 5203 2008<\/strong><br \/>\nGestalt en Directo: <strong class=\"heading-color\">(+52) 55 6235 1567<\/strong><br \/>\nCorreo: <span class=\"heading-color\">informes@ugestalt.edu.mx<\/span>\t\t\t<\/div>\n\t\t<\/div>\n\t\t\n\t\t\t\t\t\t\t<\/div>\n\t\t<\/div>\n\n\t\t<\/div>\t\t\t\t<\/div>\n\t\t\t\t<\/div>\n\t\t\t\t\t\t<\/div>\n\t\t\t\t\t<\/div>\n\t\t<\/div>\n\t\t\t\t<div class=\"elementor-column elementor-col-33 elementor-inner-column elementor-element elementor-element-77ec4a5\" data-id=\"77ec4a5\" data-element_type=\"column\">\n\t\t\t<div class=\"elementor-column-wrap elementor-element-populated\">\n\t\t\t\t\t\t\t<div class=\"elementor-widget-wrap\">\n\t\t\t\t\t\t<div class=\"elementor-element elementor-element-11fdaf5 unicamp-icon-box-style-05 unicamp-graphic-position-left unicamp-view-default unicamp-graphic-mobile-position-top-yes unicamp-graphic-ver-align-top elementor-invisible elementor-widget elementor-widget-tm-icon-box\" data-id=\"11fdaf5\" data-element_type=\"widget\" data-settings=\"{&quot;_animation&quot;:&quot;unicampFadeInUp&quot;}\" data-widget_type=\"tm-icon-box.default\">\n\t\t\t\t<div class=\"elementor-widget-container\">\n\t\t\t\t\t<div class=\"tm-icon-box unicamp-box\">\n\t\t<div class=\"unicamp-graphic-box icon-box-wrapper\">\n\t\t\t\t\t<div class=\"unicamp-graphic-element unicamp-icon-wrap\">\n\t\t\t<div class=\"unicamp-icon-view first\">\n\t\t\t\t<div class=\"unicamp-icon-view-inner\">\n\t\t\t\t\t<div class=\"unicamp-icon icon\">\n\t\t\t\t\t\t<i aria-hidden=\"true\" class=\"fal fa-clock\"><\/i>\t\t\t\t\t<\/div>\n\t\t\t\t<\/div>\n\t\t\t<\/div>\n\n\t\t\t\t\t<\/div>\n\t\t\n\t\t\t<div class=\"unicamp-graphic-content icon-box-content\">\n\t\t\t\t\t\t<div class=\"heading-wrap\">\n\t\t\t<h3 class=\"heading\">Horario<\/h3>\n\t\t\t\t\t<\/div>\n\t\t\n\t\t\t\t\t\t<div class=\"description-wrap\">\n\t\t\t<div class=\"description\">\n\t\t\t\tLunes a Viernes: 09:00 - 15:00 <br \/>\nS\u00e1bados: 09:00 - 15:00\t\t\t<\/div>\n\t\t<\/div>\n\t\t\n\t\t\t\t\t\t\t<\/div>\n\t\t<\/div>\n\n\t\t<\/div>\t\t\t\t<\/div>\n\t\t\t\t<\/div>\n\t\t\t\t\t\t<\/div>\n\t\t\t\t\t<\/div>\n\t\t<\/div>\n\t\t\t\t\t\t\t\t<\/div>\n\t\t\t\t\t<\/div>\n\t\t<\/section>\n\t\t\t\t\t\t<\/div>\n\t\t\t\t\t<\/div>\n\t\t<\/div>\n\t\t\t\t\t\t\t\t<\/div>\n\t\t\t\t\t<\/div>\n\t\t<\/section>\n\t\t\t\t<section class=\"elementor-section elementor-top-section elementor-element elementor-element-226be63 elementor-section-boxed elementor-section-gap-beside-yes elementor-section-height-default elementor-section-height-default elementor-section-content-align-center elementor-section-column-vertical-align-stretch\" data-id=\"226be63\" data-element_type=\"section\" data-settings=\"{&quot;background_background&quot;:&quot;classic&quot;}\">\n\t\t\t\t\t\t<div class=\"elementor-container elementor-column-gap-extended\">\n\t\t\t\t\t\t\t<div class=\"elementor-row\">\n\t\t\t\t\t<div class=\"elementor-column elementor-col-33 elementor-top-column elementor-element elementor-element-f31bf24\" data-id=\"f31bf24\" data-element_type=\"column\">\n\t\t\t<div class=\"elementor-column-wrap elementor-element-populated\">\n\t\t\t\t\t\t\t<div class=\"elementor-widget-wrap\">\n\t\t\t\t\t\t<div class=\"elementor-element elementor-element-af7db31 elementor-widget elementor-widget-image\" data-id=\"af7db31\" data-element_type=\"widget\" data-widget_type=\"image.default\">\n\t\t\t\t<div class=\"elementor-widget-container\">\n\t\t\t\t\t\t\t\t<div class=\"elementor-image\">\n\t\t\t\t\t\t\t\t\t\t\t\t<img loading=\"lazy\" decoding=\"async\" width=\"600\" height=\"600\" src=\"https:\/\/ugestalt.edu.mx\/space\/wp-content\/uploads\/2022\/02\/Dra-Edith-600x600.png\" class=\"attachment-woosc-large size-woosc-large\" alt=\"\" srcset=\"https:\/\/ugestalt.edu.mx\/space\/wp-content\/uploads\/2022\/02\/Dra-Edith-600x600.png 600w, https:\/\/ugestalt.edu.mx\/space\/wp-content\/uploads\/2022\/02\/Dra-Edith-150x150.png 150w, https:\/\/ugestalt.edu.mx\/space\/wp-content\/uploads\/2022\/02\/Dra-Edith-100x100.png 100w, https:\/\/ugestalt.edu.mx\/space\/wp-content\/uploads\/2022\/02\/Dra-Edith-96x96.png 96w\" sizes=\"auto, (max-width: 600px) 100vw, 600px\" \/>\t\t\t\t\t\t\t\t\t\t\t\t\t\t<\/div>\n\t\t\t\t\t\t<\/div>\n\t\t\t\t<\/div>\n\t\t\t\t<div class=\"elementor-element elementor-element-4a3fbd2 unicamp-contact-box-style-01 elementor-invisible elementor-widget elementor-widget-tm-contact-box\" data-id=\"4a3fbd2\" data-element_type=\"widget\" data-settings=\"{&quot;_animation&quot;:&quot;unicampFadeInUp&quot;}\" data-widget_type=\"tm-contact-box.default\">\n\t\t\t\t<div class=\"elementor-widget-container\">\n\t\t\t\t\t<div class=\"unicamp-box unicamp-contact-box\">\n\n\t\t\t\t\t\t\t<h4 class=\"contact-box-title\">Rector\u00eda<\/h4>\n\t\t\t\n\t\t\t\t\t\t\t\t<div class=\"contact-box-info\">\n\t\t\t\t\t\t\t\t\t\t\t\t\t<p class=\"contact-box-sub-title\">\n\t\t\t\t\t\t\t\t<span class=\"text\">DRA. EDITH X HUERTA TREJO<\/span>\n\t\t\t\t\t\t\t<\/p>\n\t\t\t\t\t\t\n\t\t\t\t\t\t\t\t\t\t\t\t\t<div class=\"contact-box-info-item phone-number\">\n\t\t\t\t\t\t\t\t<span class=\"meta-label\">Phone number<\/span>\n\t\t\t\t\t\t\t\t<span class=\"meta-value\">55 5203 2008 | Ext 127<\/span>\n\t\t\t\t\t\t\t<\/div>\n\t\t\t\t\t\t\n\t\t\t\t\t\t\t\t\t\t\t\t\t<div class=\"contact-box-info-item email-address\">\n\t\t\t\t\t\t\t\t<span class=\"meta-label\">Email<\/span>\n\t\t\t\t\t\t\t\t<span class=\"meta-value\">ehuerta@gestalt.mx<\/span>\n\t\t\t\t\t\t\t<\/div>\n\t\t\t\t\t\t\t\t\t\t\t<\/div>\n\t\t\t\t\t\t\t<\/div>\n\t\t\t\t<\/div>\n\t\t\t\t<\/div>\n\t\t\t\t<div class=\"elementor-element elementor-element-001980e elementor-widget elementor-widget-image\" data-id=\"001980e\" data-element_type=\"widget\" data-widget_type=\"image.default\">\n\t\t\t\t<div class=\"elementor-widget-container\">\n\t\t\t\t\t\t\t\t<div class=\"elementor-image\">\n\t\t\t\t\t\t\t\t\t\t\t\t<img loading=\"lazy\" decoding=\"async\" width=\"600\" height=\"600\" src=\"https:\/\/ugestalt.edu.mx\/space\/wp-content\/uploads\/2022\/04\/WhatsApp-Image-2022-04-18-at-5.35.39-PM-600x600.jpeg\" class=\"attachment-woosc-large size-woosc-large\" alt=\"\" srcset=\"https:\/\/ugestalt.edu.mx\/space\/wp-content\/uploads\/2022\/04\/WhatsApp-Image-2022-04-18-at-5.35.39-PM-600x600.jpeg 600w, https:\/\/ugestalt.edu.mx\/space\/wp-content\/uploads\/2022\/04\/WhatsApp-Image-2022-04-18-at-5.35.39-PM-150x150.jpeg 150w, https:\/\/ugestalt.edu.mx\/space\/wp-content\/uploads\/2022\/04\/WhatsApp-Image-2022-04-18-at-5.35.39-PM-100x100.jpeg 100w, https:\/\/ugestalt.edu.mx\/space\/wp-content\/uploads\/2022\/04\/WhatsApp-Image-2022-04-18-at-5.35.39-PM-96x96.jpeg 96w\" sizes=\"auto, (max-width: 600px) 100vw, 600px\" \/>\t\t\t\t\t\t\t\t\t\t\t\t\t\t<\/div>\n\t\t\t\t\t\t<\/div>\n\t\t\t\t<\/div>\n\t\t\t\t<div class=\"elementor-element elementor-element-bf1fd26 unicamp-contact-box-style-01 elementor-invisible elementor-widget elementor-widget-tm-contact-box\" data-id=\"bf1fd26\" data-element_type=\"widget\" data-settings=\"{&quot;_animation&quot;:&quot;unicampFadeInUp&quot;}\" data-widget_type=\"tm-contact-box.default\">\n\t\t\t\t<div class=\"elementor-widget-container\">\n\t\t\t\t\t<div class=\"unicamp-box unicamp-contact-box\">\n\n\t\t\t\t\t\t\t<h4 class=\"contact-box-title\">Ingresos<\/h4>\n\t\t\t\n\t\t\t\t\t\t\t\t<div class=\"contact-box-info\">\n\t\t\t\t\t\t\t\t\t\t\t\t\t<p class=\"contact-box-sub-title\">\n\t\t\t\t\t\t\t\t<span class=\"text\">IVONNE TENORIO<\/span>\n\t\t\t\t\t\t\t<\/p>\n\t\t\t\t\t\t\n\t\t\t\t\t\t\t\t\t\t\t\t\t<div class=\"contact-box-info-item phone-number\">\n\t\t\t\t\t\t\t\t<span class=\"meta-label\">Phone number<\/span>\n\t\t\t\t\t\t\t\t<span class=\"meta-value\">55 5203 2008 | Ext 116<\/span>\n\t\t\t\t\t\t\t<\/div>\n\t\t\t\t\t\t\n\t\t\t\t\t\t\t\t\t\t\t\t\t<div class=\"contact-box-info-item email-address\">\n\t\t\t\t\t\t\t\t<span class=\"meta-label\">Email<\/span>\n\t\t\t\t\t\t\t\t<span class=\"meta-value\">itenorio@gestalt.mx<\/span>\n\t\t\t\t\t\t\t<\/div>\n\t\t\t\t\t\t\t\t\t\t\t<\/div>\n\t\t\t\t\t\t\t<\/div>\n\t\t\t\t<\/div>\n\t\t\t\t<\/div>\n\t\t\t\t\t\t<\/div>\n\t\t\t\t\t<\/div>\n\t\t<\/div>\n\t\t\t\t<div class=\"elementor-column elementor-col-33 elementor-top-column elementor-element elementor-element-f517d61\" data-id=\"f517d61\" data-element_type=\"column\">\n\t\t\t<div class=\"elementor-column-wrap elementor-element-populated\">\n\t\t\t\t\t\t\t<div class=\"elementor-widget-wrap\">\n\t\t\t\t\t\t<div class=\"elementor-element elementor-element-f3bf625 elementor-widget elementor-widget-image\" data-id=\"f3bf625\" data-element_type=\"widget\" data-widget_type=\"image.default\">\n\t\t\t\t<div class=\"elementor-widget-container\">\n\t\t\t\t\t\t\t\t<div class=\"elementor-image\">\n\t\t\t\t\t\t\t\t\t\t\t\t<img loading=\"lazy\" decoding=\"async\" width=\"600\" height=\"600\" src=\"https:\/\/ugestalt.edu.mx\/space\/wp-content\/uploads\/2022\/04\/Captura-de-Pantalla-2022-04-18-a-las-17.28.25-600x600.png\" class=\"attachment-woosc-large size-woosc-large\" alt=\"\" srcset=\"https:\/\/ugestalt.edu.mx\/space\/wp-content\/uploads\/2022\/04\/Captura-de-Pantalla-2022-04-18-a-las-17.28.25-600x600.png 600w, https:\/\/ugestalt.edu.mx\/space\/wp-content\/uploads\/2022\/04\/Captura-de-Pantalla-2022-04-18-a-las-17.28.25-150x150.png 150w, https:\/\/ugestalt.edu.mx\/space\/wp-content\/uploads\/2022\/04\/Captura-de-Pantalla-2022-04-18-a-las-17.28.25-100x100.png 100w, https:\/\/ugestalt.edu.mx\/space\/wp-content\/uploads\/2022\/04\/Captura-de-Pantalla-2022-04-18-a-las-17.28.25-96x96.png 96w\" sizes=\"auto, (max-width: 600px) 100vw, 600px\" \/>\t\t\t\t\t\t\t\t\t\t\t\t\t\t<\/div>\n\t\t\t\t\t\t<\/div>\n\t\t\t\t<\/div>\n\t\t\t\t<div class=\"elementor-element elementor-element-6db8a1a unicamp-contact-box-style-01 elementor-invisible elementor-widget elementor-widget-tm-contact-box\" data-id=\"6db8a1a\" data-element_type=\"widget\" data-settings=\"{&quot;_animation&quot;:&quot;unicampFadeInUp&quot;}\" data-widget_type=\"tm-contact-box.default\">\n\t\t\t\t<div class=\"elementor-widget-container\">\n\t\t\t\t\t<div class=\"unicamp-box unicamp-contact-box\">\n\n\t\t\t\t\t\t\t<h4 class=\"contact-box-title\">Coordinaci\u00f3n de Infraestructura e Interconectividad<\/h4>\n\t\t\t\n\t\t\t\t\t\t\t\t<div class=\"contact-box-info\">\n\t\t\t\t\t\t\t\t\t\t\t\t\t<p class=\"contact-box-sub-title\">\n\t\t\t\t\t\t\t\t<span class=\"text\">ING. FRANCISCO M\u00c1RQUEZ<\/span>\n\t\t\t\t\t\t\t<\/p>\n\t\t\t\t\t\t\n\t\t\t\t\t\t\t\t\t\t\t\t\t<div class=\"contact-box-info-item phone-number\">\n\t\t\t\t\t\t\t\t<span class=\"meta-label\">Phone number<\/span>\n\t\t\t\t\t\t\t\t<span class=\"meta-value\">55 5203 2008 | Ext 136<\/span>\n\t\t\t\t\t\t\t<\/div>\n\t\t\t\t\t\t\n\t\t\t\t\t\t\t\t\t\t\t\t\t<div class=\"contact-box-info-item email-address\">\n\t\t\t\t\t\t\t\t<span class=\"meta-label\">Email<\/span>\n\t\t\t\t\t\t\t\t<span class=\"meta-value\">fmarquez@gestalt.mx<\/span>\n\t\t\t\t\t\t\t<\/div>\n\t\t\t\t\t\t\t\t\t\t\t<\/div>\n\t\t\t\t\t\t\t<\/div>\n\t\t\t\t<\/div>\n\t\t\t\t<\/div>\n\t\t\t\t\t\t<\/div>\n\t\t\t\t\t<\/div>\n\t\t<\/div>\n\t\t\t\t<div class=\"elementor-column elementor-col-33 elementor-top-column elementor-element elementor-element-34e9824\" data-id=\"34e9824\" data-element_type=\"column\">\n\t\t\t<div class=\"elementor-column-wrap elementor-element-populated\">\n\t\t\t\t\t\t\t<div class=\"elementor-widget-wrap\">\n\t\t\t\t\t\t<div class=\"elementor-element elementor-element-ca0bec5 elementor-widget elementor-widget-image\" data-id=\"ca0bec5\" data-element_type=\"widget\" data-widget_type=\"image.default\">\n\t\t\t\t<div class=\"elementor-widget-container\">\n\t\t\t\t\t\t\t\t<div class=\"elementor-image\">\n\t\t\t\t\t\t\t\t\t\t\t\t<img loading=\"lazy\" decoding=\"async\" width=\"600\" height=\"600\" src=\"https:\/\/ugestalt.edu.mx\/space\/wp-content\/uploads\/2023\/02\/Nelda-01-600x600.jpg\" class=\"attachment-woosc-large size-woosc-large\" alt=\"\" srcset=\"https:\/\/ugestalt.edu.mx\/space\/wp-content\/uploads\/2023\/02\/Nelda-01-600x600.jpg 600w, https:\/\/ugestalt.edu.mx\/space\/wp-content\/uploads\/2023\/02\/Nelda-01-300x300.jpg 300w, https:\/\/ugestalt.edu.mx\/space\/wp-content\/uploads\/2023\/02\/Nelda-01-1024x1024.jpg 1024w, https:\/\/ugestalt.edu.mx\/space\/wp-content\/uploads\/2023\/02\/Nelda-01-150x150.jpg 150w, https:\/\/ugestalt.edu.mx\/space\/wp-content\/uploads\/2023\/02\/Nelda-01-768x768.jpg 768w, https:\/\/ugestalt.edu.mx\/space\/wp-content\/uploads\/2023\/02\/Nelda-01-1536x1536.jpg 1536w, https:\/\/ugestalt.edu.mx\/space\/wp-content\/uploads\/2023\/02\/Nelda-01-2048x2048.jpg 2048w, https:\/\/ugestalt.edu.mx\/space\/wp-content\/uploads\/2023\/02\/Nelda-01-100x100.jpg 100w, https:\/\/ugestalt.edu.mx\/space\/wp-content\/uploads\/2023\/02\/Nelda-01-96x96.jpg 96w\" sizes=\"auto, (max-width: 600px) 100vw, 600px\" \/>\t\t\t\t\t\t\t\t\t\t\t\t\t\t<\/div>\n\t\t\t\t\t\t<\/div>\n\t\t\t\t<\/div>\n\t\t\t\t<div class=\"elementor-element elementor-element-03afa62 unicamp-contact-box-style-01 elementor-invisible elementor-widget elementor-widget-tm-contact-box\" data-id=\"03afa62\" data-element_type=\"widget\" data-settings=\"{&quot;_animation&quot;:&quot;unicampFadeInUp&quot;}\" data-widget_type=\"tm-contact-box.default\">\n\t\t\t\t<div class=\"elementor-widget-container\">\n\t\t\t\t\t<div class=\"unicamp-box unicamp-contact-box\">\n\n\t\t\t\t\t\t\t<h4 class=\"contact-box-title\">Apoyo Institucional y Administrativo<\/h4>\n\t\t\t\n\t\t\t\t\t\t\t\t<div class=\"contact-box-info\">\n\t\t\t\t\t\t\t\t\t\t\t\t\t<p class=\"contact-box-sub-title\">\n\t\t\t\t\t\t\t\t<span class=\"text\">lic. nelda a. torres abdala<\/span>\n\t\t\t\t\t\t\t<\/p>\n\t\t\t\t\t\t\n\t\t\t\t\t\t\t\t\t\t\t\t\t<div class=\"contact-box-info-item phone-number\">\n\t\t\t\t\t\t\t\t<span class=\"meta-label\">Phone number<\/span>\n\t\t\t\t\t\t\t\t<span class=\"meta-value\">55 5203 2008 | Ext 127<\/span>\n\t\t\t\t\t\t\t<\/div>\n\t\t\t\t\t\t\n\t\t\t\t\t\t\t\t\t\t\t\t\t<div class=\"contact-box-info-item email-address\">\n\t\t\t\t\t\t\t\t<span class=\"meta-label\">Email<\/span>\n\t\t\t\t\t\t\t\t<span class=\"meta-value\">ntorres@gestalt.mx \u2502 honorarios.docente@ugestalt.edu.mx<\/span>\n\t\t\t\t\t\t\t<\/div>\n\t\t\t\t\t\t\t\t\t\t\t<\/div>\n\t\t\t\t\t\t\t<\/div>\n\t\t\t\t<\/div>\n\t\t\t\t<\/div>\n\t\t\t\t<div class=\"elementor-element elementor-element-74e2796 elementor-widget elementor-widget-image\" data-id=\"74e2796\" data-element_type=\"widget\" data-widget_type=\"image.default\">\n\t\t\t\t<div class=\"elementor-widget-container\">\n\t\t\t\t\t\t\t\t<div class=\"elementor-image\">\n\t\t\t\t\t\t\t\t\t\t\t\t<img loading=\"lazy\" decoding=\"async\" width=\"600\" height=\"600\" src=\"https:\/\/ugestalt.edu.mx\/space\/wp-content\/uploads\/2022\/02\/Dra-Claudia-600x600.jpeg\" class=\"attachment-woosc-large size-woosc-large\" alt=\"\" srcset=\"https:\/\/ugestalt.edu.mx\/space\/wp-content\/uploads\/2022\/02\/Dra-Claudia-600x600.jpeg 600w, https:\/\/ugestalt.edu.mx\/space\/wp-content\/uploads\/2022\/02\/Dra-Claudia-150x150.jpeg 150w, https:\/\/ugestalt.edu.mx\/space\/wp-content\/uploads\/2022\/02\/Dra-Claudia-100x100.jpeg 100w, https:\/\/ugestalt.edu.mx\/space\/wp-content\/uploads\/2022\/02\/Dra-Claudia-96x96.jpeg 96w\" sizes=\"auto, (max-width: 600px) 100vw, 600px\" \/>\t\t\t\t\t\t\t\t\t\t\t\t\t\t<\/div>\n\t\t\t\t\t\t<\/div>\n\t\t\t\t<\/div>\n\t\t\t\t<div class=\"elementor-element elementor-element-f8149cd unicamp-contact-box-style-01 elementor-invisible elementor-widget elementor-widget-tm-contact-box\" data-id=\"f8149cd\" data-element_type=\"widget\" data-settings=\"{&quot;_animation&quot;:&quot;unicampFadeInUp&quot;}\" data-widget_type=\"tm-contact-box.default\">\n\t\t\t\t<div class=\"elementor-widget-container\">\n\t\t\t\t\t<div class=\"unicamp-box unicamp-contact-box\">\n\n\t\t\t\t\t\t\t<h4 class=\"contact-box-title\">Coordinaci\u00f3n Acad\u00e9mica de Posgrados<\/h4>\n\t\t\t\n\t\t\t\t\t\t\t\t<div class=\"contact-box-info\">\n\t\t\t\t\t\t\t\t\t\t\t\t\t<p class=\"contact-box-sub-title\">\n\t\t\t\t\t\t\t\t<span class=\"text\">DRA. CLAUDIA GARC\u00cdA<\/span>\n\t\t\t\t\t\t\t<\/p>\n\t\t\t\t\t\t\n\t\t\t\t\t\t\t\t\t\t\t\t\t<div class=\"contact-box-info-item phone-number\">\n\t\t\t\t\t\t\t\t<span class=\"meta-label\">Phone number<\/span>\n\t\t\t\t\t\t\t\t<span class=\"meta-value\">55 5203 2008 | Ext. 127<\/span>\n\t\t\t\t\t\t\t<\/div>\n\t\t\t\t\t\t\n\t\t\t\t\t\t\t\t\t\t\t\t\t<div class=\"contact-box-info-item email-address\">\n\t\t\t\t\t\t\t\t<span class=\"meta-label\">Email<\/span>\n\t\t\t\t\t\t\t\t<span class=\"meta-value\">cgarcia@gestalt.mx<\/span>\n\t\t\t\t\t\t\t<\/div>\n\t\t\t\t\t\t\t\t\t\t\t<\/div>\n\t\t\t\t\t\t\t\t\t\t<div class=\"contact-box-info\">\n\t\t\t\t\t\t\t\t\t\t\t\t\t<p class=\"contact-box-sub-title\">\n\t\t\t\t\t\t\t\t<span class=\"text\">COORDINACI\u00d3N DE CENTRO DE IDIOMAS<\/span>\n\t\t\t\t\t\t\t<\/p>\n\t\t\t\t\t\t\n\t\t\t\t\t\t\n\t\t\t\t\t\t\t\t\t\t\t\t\t<div class=\"contact-box-info-item email-address\">\n\t\t\t\t\t\t\t\t<span class=\"meta-label\">Email<\/span>\n\t\t\t\t\t\t\t\t<span class=\"meta-value\">idiomas@ugestalt.edu.mx<\/span>\n\t\t\t\t\t\t\t<\/div>\n\t\t\t\t\t\t\t\t\t\t\t<\/div>\n\t\t\t\t\t\t\t<\/div>\n\t\t\t\t<\/div>\n\t\t\t\t<\/div>\n\t\t\t\t<div class=\"elementor-element elementor-element-5b98e69 unicamp-contact-box-style-01 elementor-invisible elementor-widget elementor-widget-tm-contact-box\" data-id=\"5b98e69\" data-element_type=\"widget\" data-settings=\"{&quot;_animation&quot;:&quot;unicampFadeInUp&quot;}\" data-widget_type=\"tm-contact-box.default\">\n\t\t\t\t<div class=\"elementor-widget-container\">\n\t\t\t\t\t<div class=\"unicamp-box unicamp-contact-box\">\n\n\t\t\t\t\t\t\t<h4 class=\"contact-box-title\">Coordinaci\u00f3n de Factor Humano<\/h4>\n\t\t\t\n\t\t\t\t\t\t\t\t<div class=\"contact-box-info\">\n\t\t\t\t\t\t\n\t\t\t\t\t\t\n\t\t\t\t\t\t\t\t\t\t\t\t\t<div class=\"contact-box-info-item email-address\">\n\t\t\t\t\t\t\t\t<span class=\"meta-label\">Email<\/span>\n\t\t\t\t\t\t\t\t<span class=\"meta-value\">factor.humano@ugestalt.edu.mx<\/span>\n\t\t\t\t\t\t\t<\/div>\n\t\t\t\t\t\t\t\t\t\t\t<\/div>\n\t\t\t\t\t\t\t\t\t\t<div class=\"contact-box-info\">\n\t\t\t\t\t\t\t\t\t\t\t\t\t<p class=\"contact-box-sub-title\">\n\t\t\t\t\t\t\t\t<span class=\"text\">DEPARTAMENTO LEGAL<\/span>\n\t\t\t\t\t\t\t<\/p>\n\t\t\t\t\t\t\n\t\t\t\t\t\t\n\t\t\t\t\t\t\t\t\t\t\t\t\t<div class=\"contact-box-info-item email-address\">\n\t\t\t\t\t\t\t\t<span class=\"meta-label\">Email<\/span>\n\t\t\t\t\t\t\t\t<span class=\"meta-value\">deptolegal@ugestalt.edu.mx<\/span>\n\t\t\t\t\t\t\t<\/div>\n\t\t\t\t\t\t\t\t\t\t\t<\/div>\n\t\t\t\t\t\t\t<\/div>\n\t\t\t\t<\/div>\n\t\t\t\t<\/div>\n\t\t\t\t\t\t<\/div>\n\t\t\t\t\t<\/div>\n\t\t<\/div>\n\t\t\t\t\t\t\t\t<\/div>\n\t\t\t\t\t<\/div>\n\t\t<\/section>\n\t\t\t\t\t\t\t\t\t<\/div>\n\t\t\t<\/div>\n\t\t\t\t\t<\/div>\n\t\t","protected":false},"excerpt":{"rendered":"<p>Informaci\u00f3n General Ubicaci\u00f3n Herschel 139 y 143 Col. Nueva Anzures Alcald\u00eda Miguel Hidalgo CP 11590 Google Maps Tel\u00e9fonos L\u00ednea Gestalt: (+52) 55 5203 2008 Gestalt en Directo: (+52) 55 6235 1567 Correo: informes@ugestalt.edu.mx Horario Lunes a Viernes: 09:00 &#8211; 15:00 S\u00e1bados: 09:00 &#8211; 15:00 Rector\u00eda DRA. EDITH X HUERTA TREJO Phone number 55 5203 2008 | Ext 127 Email ehuerta@gestalt.mx Ingresos IVONNE TENORIO Phone number 55 5203 2008 | Ext 116 Email itenorio@gestalt.mx Coordinaci\u00f3n de Infraestructura e Interconectividad ING. FRANCISCO M\u00c1RQUEZ Phone number 55 5203 2008 | Ext 136 Email fmarquez@gestalt.mx Apoyo Institucional y Administrativo lic. nelda a. torres abdala Phone number 55 5203 2008 | Ext 127 Email ntorres@gestalt.mx \u2502 honorarios.docente@ugestalt.edu.mx Coordinaci\u00f3n Acad\u00e9mica de Posgrados DRA. CLAUDIA GARC\u00cdA Phone number 55 5203 2008 | Ext. 127 Email cgarcia@gestalt.mx COORDINACI\u00d3N DE CENTRO DE IDIOMAS Email idiomas@ugestalt.edu.mx Coordinaci\u00f3n de Factor Humano Email factor.humano@ugestalt.edu.mx DEPARTAMENTO LEGAL Email deptolegal@ugestalt.edu.mx<\/p>\n","protected":false},"author":1,"featured_media":0,"parent":0,"menu_order":0,"comment_status":"closed","ping_status":"closed","template":"","meta":{"footnotes":""},"class_list":["post-800","page","type-page","status-publish","hentry","post-no-thumbnail"],"_links":{"self":[{"href":"https:\/\/ugestalt.edu.mx\/space\/wp-json\/wp\/v2\/pages\/800","targetHints":{"allow":["GET"]}}],"collection":[{"href":"https:\/\/ugestalt.edu.mx\/space\/wp-json\/wp\/v2\/pages"}],"about":[{"href":"https:\/\/ugestalt.edu.mx\/space\/wp-json\/wp\/v2\/types\/page"}],"author":[{"embeddable":true,"href":"https:\/\/ugestalt.edu.mx\/space\/wp-json\/wp\/v2\/users\/1"}],"replies":[{"embeddable":true,"href":"https:\/\/ugestalt.edu.mx\/space\/wp-json\/wp\/v2\/comments?post=800"}],"version-history":[{"count":106,"href":"https:\/\/ugestalt.edu.mx\/space\/wp-json\/wp\/v2\/pages\/800\/revisions"}],"predecessor-version":[{"id":4819,"href":"https:\/\/ugestalt.edu.mx\/space\/wp-json\/wp\/v2\/pages\/800\/revisions\/4819"}],"wp:attachment":[{"href":"https:\/\/ugestalt.edu.mx\/space\/wp-json\/wp\/v2\/media?parent=800"}],"curies":[{"name":"wp","href":"https:\/\/api.w.org\/{rel}","templated":true}]}}