{"id":4169,"date":"2021-08-02T18:02:50","date_gmt":"2021-08-02T18:02:50","guid":{"rendered":"https:\/\/ugestalt.edu.mx\/space\/?page_id=4169"},"modified":"2022-07-08T17:56:00","modified_gmt":"2022-07-08T17:56:00","slug":"bachillerato","status":"publish","type":"page","link":"https:\/\/ugestalt.edu.mx\/space\/bachillerato\/","title":{"rendered":"Bachillerato"},"content":{"rendered":"\t\t<div data-elementor-type=\"wp-page\" data-elementor-id=\"4169\" class=\"elementor elementor-4169\">\n\t\t\t\t\t\t<div class=\"elementor-inner\">\n\t\t\t\t<div class=\"elementor-section-wrap\">\n\t\t\t\t\t\t\t\t\t<section class=\"elementor-section elementor-top-section elementor-element elementor-element-f2d9a0b elementor-section-boxed elementor-section-gap-beside-yes elementor-section-height-default elementor-section-height-default elementor-section-content-align-center elementor-section-column-vertical-align-stretch\" data-id=\"f2d9a0b\" data-element_type=\"section\" data-settings=\"{&quot;background_background&quot;:&quot;classic&quot;}\">\n\t\t\t\t\t\t<div class=\"elementor-container elementor-column-gap-extended\">\n\t\t\t\t\t\t\t<div class=\"elementor-row\">\n\t\t\t\t\t<div class=\"elementor-column elementor-col-100 elementor-top-column elementor-element elementor-element-c3e4ff4\" data-id=\"c3e4ff4\" data-element_type=\"column\">\n\t\t\t<div class=\"elementor-column-wrap elementor-element-populated\">\n\t\t\t\t\t\t\t<div class=\"elementor-widget-wrap\">\n\t\t\t\t\t\t<div class=\"elementor-element elementor-element-137f911 elementor-widget elementor-widget-spacer\" data-id=\"137f911\" data-element_type=\"widget\" data-widget_type=\"spacer.default\">\n\t\t\t\t<div class=\"elementor-widget-container\">\n\t\t\t\t\t<div class=\"elementor-spacer\">\n\t\t\t<div class=\"elementor-spacer-inner\"><\/div>\n\t\t<\/div>\n\t\t\t\t<\/div>\n\t\t\t\t<\/div>\n\t\t\t\t<div class=\"elementor-element elementor-element-0a7c6bc elementor-invisible elementor-widget elementor-widget-tm-heading\" data-id=\"0a7c6bc\" data-element_type=\"widget\" data-settings=\"{&quot;_animation&quot;:&quot;unicampFadeInUp&quot;}\" data-widget_type=\"tm-heading.default\">\n\t\t\t\t<div class=\"elementor-widget-container\">\n\t\t\t\t\t<div class=\"tm-modern-heading\">\n\t\t\t\n\t\t\t\t\t<div class=\"heading-primary-wrap\">\n\t\t\t<h2 class=\"heading-primary elementor-heading-title\">Bachillerato General<\/h2>\t\t<\/div>\n\t\t\n\t\t\t\t    <div class=\"heading-divider\"><\/div>\n\t    \n\t\t\t\t\t<div class=\"heading-description-wrap\">\n\t\t\t<div class=\"heading-description\">\n\t\t\t\t<p>Te ofrecemos las competencias profesionales que te permitir\u00e1n realizar actividades dirigidas a desarrollar programas y proyectos para atender de manera responsable y con iniciativa el crecimiento y desarrollo integral del infante: pedag\u00f3gico, psicosocial y f\u00edsico, a trav\u00e9s de la adquisici\u00f3n de competencias profesionales y a los referentes cient\u00edficos actuales.<\/p>\t\t\t<\/div>\n\t\t<\/div>\n\t\t\t<\/div>\n\t\t\t\t<\/div>\n\t\t\t\t<\/div>\n\t\t\t\t<section class=\"elementor-section elementor-inner-section elementor-element elementor-element-f26a164 elementor-section-gap-beside-no elementor-section-boxed elementor-section-height-default elementor-section-height-default elementor-section-column-vertical-align-stretch\" data-id=\"f26a164\" data-element_type=\"section\">\n\t\t\t\t\t\t<div class=\"elementor-container elementor-column-gap-extended\">\n\t\t\t\t\t\t\t<div class=\"elementor-row\">\n\t\t\t\t\t<div class=\"elementor-column elementor-col-33 elementor-inner-column elementor-element elementor-element-9cef10c\" data-id=\"9cef10c\" data-element_type=\"column\">\n\t\t\t<div class=\"elementor-column-wrap elementor-element-populated\">\n\t\t\t\t\t\t\t<div class=\"elementor-widget-wrap\">\n\t\t\t\t\t\t<div class=\"elementor-element elementor-element-7f95ee6 unicamp-animation-zoom-in unicamp-graphic-position-top elementor-invisible elementor-widget elementor-widget-tm-image-box\" data-id=\"7f95ee6\" data-element_type=\"widget\" data-settings=\"{&quot;_animation&quot;:&quot;unicampFadeInUp&quot;}\" data-widget_type=\"tm-image-box.default\">\n\t\t\t\t<div class=\"elementor-widget-container\">\n\t\t\t\t\t<a class=\"tm-image-box unicamp-box style-03 link-secret\" href=\"http:\/\/ugestalt.edu.mx\/docs\/folletos\/PlanBachillerato.pdf\" target=\"_blank\">\t\t<div class=\"unicamp-graphic-box content-wrap\">\n\n\t\t\t\t\t\t\t<div class=\"unicamp-graphic-element image-wrap\">\n\t\t\t\t\t<div class=\"unicamp-image image\">\n\t\t\t\t\t\t<img decoding=\"async\"  loading=\"lazy\" src=\"https:\/\/ugestalt.edu.mx\/space\/wp-content\/uploads\/2021\/08\/schoolkids-writing-something-down-1-scaled.jpg\" alt=\"schoolkids-writing-something-down (1)\" \/>\t\t\t\t\t<\/div>\n\n\t\t\t\t\t\t\t\t\t<\/div>\n\t\t\t\n\t\t\t<div class=\"unicamp-graphic-content box-caption-wrap\">\n\t\t\t\t<div class=\"box-caption\">\n\t\t\t\t\t\t\t\t\t\t\t<h3 class=\"title\">Bachillerato General<\/h3>\t\t\t\t\t\n\t\t\t\t\t\t\t<div class=\"description\">\n\t\t\t<br>\n<p><mark>Modalidad<\/mark><br>\nPresencial \/ H\u00edbrida<\/p>\n\n<p><mark>Duraci\u00f3n<\/mark><br>\n6 Cuatrimestres<\/p>\n\n<p><mark>Horario<\/mark><br>\nMatutino<br>\nLunes a Viernes de 08:00 a 13:00 hrs<\/p>\t\t<\/div>\n\t\t\n\t\t\t\t\t\t\t<div class=\"tm-button-wrapper\">\n\t\t\t<div class=\"tm-button style-bottom-line tm-button-nm icon-left\">\t\t\t<div class=\"button-content-wrapper\">\n\t\t\t\t\t\t\t\t\t<span class=\"button-icon\">\n\t\t\t\t\t\t\t<i class=\"fas fa-books\"><\/i>\t\t\t\t\t\t<\/span>\n\t\t\t\t\n\t\t\t\t\t\t\t\t\t<span class=\"button-text\">Ver Plan de Estudios<\/span>\n\t\t\t\t\n\t\t\t\t\t\t\t<\/div>\n\t\t\t<\/div>\t\t<\/div>\n\t\t\t\t\t\t<\/div>\n\t\t\t<\/div>\n\n\t\t<\/div>\n\t\t<\/a>\t\t\t\t<\/div>\n\t\t\t\t<\/div>\n\t\t\t\t\t\t<\/div>\n\t\t\t\t\t<\/div>\n\t\t<\/div>\n\t\t\t\t<div class=\"elementor-column elementor-col-33 elementor-inner-column elementor-element elementor-element-4db2fe4\" data-id=\"4db2fe4\" data-element_type=\"column\">\n\t\t\t<div class=\"elementor-column-wrap elementor-element-populated\">\n\t\t\t\t\t\t\t<div class=\"elementor-widget-wrap\">\n\t\t\t\t\t\t<div class=\"elementor-element elementor-element-6d90f23 elementor-widget elementor-widget-text-editor\" data-id=\"6d90f23\" data-element_type=\"widget\" data-widget_type=\"text-editor.default\">\n\t\t\t\t<div class=\"elementor-widget-container\">\n\t\t\t\t\t\t\t\t<div class=\"elementor-text-editor elementor-clearfix\">\n\t\t\t\t<h4><span style=\"color: #ff0000;\"><strong>Requisitos de Inscripci\u00f3n\u00a0<\/strong><\/span><\/h4><p>Consulte la documentaci\u00f3n a presentar para iniciar el <strong>Proceso de Inscripci\u00f3n.<\/strong><\/p><p>Le recordamos que toda su informaci\u00f3n estar\u00e1 tratada bajo los lineamientos establecidos en nuestro Aviso de Privacidad. No compartiremos ning\u00fan dato sin su previo consentimiento.\u00a0<\/p><ul><li>Acta de Nacimiento (Original)<\/li><li>Certificado de Secundaria (Copia Simple)<\/li><li>Examen M\u00e9dico<\/li><li>Comprobante de Domicilio (No mayor a tres meses)<\/li><li>CURP<\/li><li>Identificaci\u00f3n Oficial<\/li><\/ul>\t\t\t\t\t<\/div>\n\t\t\t\t\t\t<\/div>\n\t\t\t\t<\/div>\n\t\t\t\t\t\t<\/div>\n\t\t\t\t\t<\/div>\n\t\t<\/div>\n\t\t\t\t<div class=\"elementor-column elementor-col-33 elementor-inner-column elementor-element elementor-element-07c84ba\" data-id=\"07c84ba\" data-element_type=\"column\">\n\t\t\t<div class=\"elementor-column-wrap elementor-element-populated\">\n\t\t\t\t\t\t\t<div class=\"elementor-widget-wrap\">\n\t\t\t\t\t\t<div class=\"elementor-element elementor-element-f3ba3f4 elementor-aspect-ratio-169 elementor-widget elementor-widget-video\" data-id=\"f3ba3f4\" data-element_type=\"widget\" data-settings=\"{&quot;youtube_url&quot;:&quot;https:\\\/\\\/youtu.be\\\/mDtOjAYIywY&quot;,&quot;video_type&quot;:&quot;youtube&quot;,&quot;controls&quot;:&quot;yes&quot;,&quot;aspect_ratio&quot;:&quot;169&quot;}\" data-widget_type=\"video.default\">\n\t\t\t\t<div class=\"elementor-widget-container\">\n\t\t\t\t\t<div class=\"elementor-wrapper elementor-fit-aspect-ratio elementor-open-inline\">\n\t\t\t<div class=\"elementor-video\"><\/div>\t\t<\/div>\n\t\t\t\t<\/div>\n\t\t\t\t<\/div>\n\t\t\t\t\t\t<\/div>\n\t\t\t\t\t<\/div>\n\t\t<\/div>\n\t\t\t\t\t\t\t\t<\/div>\n\t\t\t\t\t<\/div>\n\t\t<\/section>\n\t\t\t\t<div class=\"elementor-element elementor-element-57b2dd1 elementor-widget elementor-widget-spacer\" data-id=\"57b2dd1\" data-element_type=\"widget\" data-widget_type=\"spacer.default\">\n\t\t\t\t<div class=\"elementor-widget-container\">\n\t\t\t\t\t<div class=\"elementor-spacer\">\n\t\t\t<div class=\"elementor-spacer-inner\"><\/div>\n\t\t<\/div>\n\t\t\t\t<\/div>\n\t\t\t\t<\/div>\n\t\t\t\t\t\t<\/div>\n\t\t\t\t\t<\/div>\n\t\t<\/div>\n\t\t\t\t\t\t\t\t<\/div>\n\t\t\t\t\t<\/div>\n\t\t<\/section>\n\t\t\t\t<section class=\"elementor-section elementor-top-section elementor-element elementor-element-fa98c6e elementor-section-boxed elementor-section-gap-beside-yes elementor-section-height-default elementor-section-height-default elementor-section-column-vertical-align-stretch\" data-id=\"fa98c6e\" data-element_type=\"section\">\n\t\t\t\t\t\t<div class=\"elementor-container elementor-column-gap-extended\">\n\t\t\t\t\t\t\t<div class=\"elementor-row\">\n\t\t\t\t\t<div class=\"elementor-column elementor-col-66 elementor-top-column elementor-element elementor-element-fdbdec0\" data-id=\"fdbdec0\" data-element_type=\"column\">\n\t\t\t<div class=\"elementor-column-wrap\">\n\t\t\t\t\t\t\t<div class=\"elementor-widget-wrap\">\n\t\t\t\t\t\t\t\t<\/div>\n\t\t\t\t\t<\/div>\n\t\t<\/div>\n\t\t\t\t<div class=\"elementor-column elementor-col-33 elementor-top-column elementor-element elementor-element-cc84c59\" data-id=\"cc84c59\" data-element_type=\"column\">\n\t\t\t<div class=\"elementor-column-wrap\">\n\t\t\t\t\t\t\t<div class=\"elementor-widget-wrap\">\n\t\t\t\t\t\t\t\t<\/div>\n\t\t\t\t\t<\/div>\n\t\t<\/div>\n\t\t\t\t\t\t\t\t<\/div>\n\t\t\t\t\t<\/div>\n\t\t<\/section>\n\t\t\t\t\t\t\t\t\t<\/div>\n\t\t\t<\/div>\n\t\t\t\t\t<\/div>\n\t\t","protected":false},"excerpt":{"rendered":"<p>Bachillerato General Te ofrecemos las competencias profesionales que te permitir\u00e1n realizar actividades dirigidas a desarrollar programas y proyectos para atender de manera responsable y con iniciativa el crecimiento y desarrollo integral del infante: pedag\u00f3gico, psicosocial y f\u00edsico, a trav\u00e9s de la adquisici\u00f3n de competencias profesionales y a los referentes cient\u00edficos actuales. Bachillerato General Modalidad Presencial \/ H\u00edbrida Duraci\u00f3n 6 Cuatrimestres Horario Matutino Lunes a Viernes de 08:00 a 13:00 hrs Ver Plan de Estudios Requisitos de Inscripci\u00f3n\u00a0 Consulte la documentaci\u00f3n a presentar para iniciar el Proceso de Inscripci\u00f3n. Le recordamos que toda su informaci\u00f3n estar\u00e1 tratada bajo los lineamientos establecidos en nuestro Aviso de Privacidad. No compartiremos ning\u00fan dato sin su previo consentimiento.\u00a0 Acta de Nacimiento (Original) Certificado de Secundaria (Copia Simple) Examen M\u00e9dico Comprobante de Domicilio (No mayor a tres meses) CURP Identificaci\u00f3n Oficial https:\/\/youtu.be\/mDtOjAYIywY<\/p>\n","protected":false},"author":1,"featured_media":0,"parent":0,"menu_order":0,"comment_status":"closed","ping_status":"closed","template":"","meta":{"footnotes":""},"class_list":["post-4169","page","type-page","status-publish","hentry","post-no-thumbnail"],"_links":{"self":[{"href":"https:\/\/ugestalt.edu.mx\/space\/wp-json\/wp\/v2\/pages\/4169","targetHints":{"allow":["GET"]}}],"collection":[{"href":"https:\/\/ugestalt.edu.mx\/space\/wp-json\/wp\/v2\/pages"}],"about":[{"href":"https:\/\/ugestalt.edu.mx\/space\/wp-json\/wp\/v2\/types\/page"}],"author":[{"embeddable":true,"href":"https:\/\/ugestalt.edu.mx\/space\/wp-json\/wp\/v2\/users\/1"}],"replies":[{"embeddable":true,"href":"https:\/\/ugestalt.edu.mx\/space\/wp-json\/wp\/v2\/comments?post=4169"}],"version-history":[{"count":13,"href":"https:\/\/ugestalt.edu.mx\/space\/wp-json\/wp\/v2\/pages\/4169\/revisions"}],"predecessor-version":[{"id":4453,"href":"https:\/\/ugestalt.edu.mx\/space\/wp-json\/wp\/v2\/pages\/4169\/revisions\/4453"}],"wp:attachment":[{"href":"https:\/\/ugestalt.edu.mx\/space\/wp-json\/wp\/v2\/media?parent=4169"}],"curies":[{"name":"wp","href":"https:\/\/api.w.org\/{rel}","templated":true}]}}