{"id":4004,"date":"2021-08-02T04:45:12","date_gmt":"2021-08-02T04:45:12","guid":{"rendered":"https:\/\/ugestalt.edu.mx\/space\/?page_id=4004"},"modified":"2026-01-06T17:39:09","modified_gmt":"2026-01-06T17:39:09","slug":"maestrias","status":"publish","type":"page","link":"https:\/\/ugestalt.edu.mx\/space\/maestrias\/","title":{"rendered":"Maestr\u00edas"},"content":{"rendered":"\t\t<div data-elementor-type=\"wp-page\" data-elementor-id=\"4004\" class=\"elementor elementor-4004\">\n\t\t\t\t\t\t<div class=\"elementor-inner\">\n\t\t\t\t<div class=\"elementor-section-wrap\">\n\t\t\t\t\t\t\t\t\t<section class=\"elementor-section elementor-top-section elementor-element elementor-element-f2d9a0b elementor-section-boxed elementor-section-gap-beside-yes elementor-section-height-default elementor-section-height-default elementor-section-content-align-center elementor-section-column-vertical-align-stretch\" data-id=\"f2d9a0b\" data-element_type=\"section\" data-settings=\"{&quot;background_background&quot;:&quot;classic&quot;}\">\n\t\t\t\t\t\t<div class=\"elementor-container elementor-column-gap-extended\">\n\t\t\t\t\t\t\t<div class=\"elementor-row\">\n\t\t\t\t\t<div class=\"elementor-column elementor-col-100 elementor-top-column elementor-element elementor-element-c3e4ff4\" data-id=\"c3e4ff4\" data-element_type=\"column\">\n\t\t\t<div class=\"elementor-column-wrap elementor-element-populated\">\n\t\t\t\t\t\t\t<div class=\"elementor-widget-wrap\">\n\t\t\t\t\t\t<div class=\"elementor-element elementor-element-137f911 elementor-widget elementor-widget-spacer\" data-id=\"137f911\" data-element_type=\"widget\" data-widget_type=\"spacer.default\">\n\t\t\t\t<div class=\"elementor-widget-container\">\n\t\t\t\t\t<div class=\"elementor-spacer\">\n\t\t\t<div class=\"elementor-spacer-inner\"><\/div>\n\t\t<\/div>\n\t\t\t\t<\/div>\n\t\t\t\t<\/div>\n\t\t\t\t<div class=\"elementor-element elementor-element-0a7c6bc elementor-invisible elementor-widget elementor-widget-tm-heading\" data-id=\"0a7c6bc\" data-element_type=\"widget\" data-settings=\"{&quot;_animation&quot;:&quot;unicampFadeInUp&quot;}\" data-widget_type=\"tm-heading.default\">\n\t\t\t\t<div class=\"elementor-widget-container\">\n\t\t\t\t\t<div class=\"tm-modern-heading\">\n\t\t\t\n\t\t\t\t\t<div class=\"heading-primary-wrap\">\n\t\t\t<h2 class=\"heading-primary elementor-heading-title\">Maestr\u00edas<\/h2>\t\t<\/div>\n\t\t\n\t\t\t\t    <div class=\"heading-divider\"><\/div>\n\t    \n\t\t\t\t\t<div class=\"heading-description-wrap\">\n\t\t\t<div class=\"heading-description\">\n\t\t\t\t<p>Maestr\u00edas con Enfoque Gestalt<\/p>\t\t\t<\/div>\n\t\t<\/div>\n\t\t\t<\/div>\n\t\t\t\t<\/div>\n\t\t\t\t<\/div>\n\t\t\t\t<section class=\"elementor-section elementor-inner-section elementor-element elementor-element-f26a164 elementor-section-gap-beside-no elementor-section-boxed elementor-section-height-default elementor-section-height-default elementor-section-column-vertical-align-stretch\" data-id=\"f26a164\" data-element_type=\"section\">\n\t\t\t\t\t\t<div class=\"elementor-container elementor-column-gap-extended\">\n\t\t\t\t\t\t\t<div class=\"elementor-row\">\n\t\t\t\t\t<div class=\"elementor-column elementor-col-33 elementor-inner-column elementor-element elementor-element-9cef10c\" data-id=\"9cef10c\" data-element_type=\"column\">\n\t\t\t<div class=\"elementor-column-wrap elementor-element-populated\">\n\t\t\t\t\t\t\t<div class=\"elementor-widget-wrap\">\n\t\t\t\t\t\t<div class=\"elementor-element elementor-element-7f95ee6 unicamp-animation-zoom-in unicamp-graphic-position-top elementor-invisible elementor-widget elementor-widget-tm-image-box\" data-id=\"7f95ee6\" data-element_type=\"widget\" data-settings=\"{&quot;_animation&quot;:&quot;unicampFadeInUp&quot;}\" data-widget_type=\"tm-image-box.default\">\n\t\t\t\t<div class=\"elementor-widget-container\">\n\t\t\t\t\t<div class=\"tm-image-box unicamp-box style-03\">\t\t<div class=\"unicamp-graphic-box content-wrap\">\n\n\t\t\t\t\t\t\t<div class=\"unicamp-graphic-element image-wrap\">\n\t\t\t\t\t<div class=\"unicamp-image image\">\n\t\t\t\t\t\t<img decoding=\"async\"  loading=\"lazy\" src=\"https:\/\/ugestalt.edu.mx\/space\/wp-content\/uploads\/2021\/08\/elegant-smiling-woman-in-glasses-and-striped-shirt-using-laptop-computer-while-siting-at-table-in-kitchen-1-scaled-480x352.jpg\" alt=\"elegant-smiling-woman-in-glasses-and-striped-shirt-using-laptop-computer-while-siting-at-table-in-kitchen (1)\" width=\"480\" height=\"352\" \/>\t\t\t\t\t<\/div>\n\n\t\t\t\t\t\t\t\t\t<\/div>\n\t\t\t\n\t\t\t<div class=\"unicamp-graphic-content box-caption-wrap\">\n\t\t\t\t<div class=\"box-caption\">\n\t\t\t\t\t\t\t\t\t\t\t<h3 class=\"title\">Maestr\u00eda en Educaci\u00f3n<\/h3>\t\t\t\t\t\n\t\t\t\t\t\t\t<div class=\"description\">\n\t\t\t<br>\n<p><mark>Modalidad<\/mark><br>\nSemipresencial<\/p>\n\n<p><mark>Duraci\u00f3n<\/mark><br>\n5 Cuatrimestres<\/p>\n\n<p><mark>Horario<\/mark><br>\nUna sesi\u00f3n presencial (un s\u00e1bado al mes)<br>\nTres sesiones virtuales (durante el mes)<\/p>\t\t<\/div>\n\t\t\n\t\t\t\t\t\t\t<div class=\"tm-button-wrapper\">\n\t\t\t<a class=\"tm-button style-bottom-line tm-button-nm icon-left\" href=\"http:\/\/ugestalt.edu.mx\/docs\/folletos\/PlanMaesstriaenEducacioncorre.pdf\" target=\"_blank\">\t\t\t<div class=\"button-content-wrapper\">\n\t\t\t\t\t\t\t\t\t<span class=\"button-icon\">\n\t\t\t\t\t\t\t<i class=\"fas fa-books\"><\/i>\t\t\t\t\t\t<\/span>\n\t\t\t\t\n\t\t\t\t\t\t\t\t\t<span class=\"button-text\">Ver Plan de Estudios<\/span>\n\t\t\t\t\n\t\t\t\t\t\t\t<\/div>\n\t\t\t<\/a>\t\t<\/div>\n\t\t\t\t\t\t<\/div>\n\t\t\t<\/div>\n\n\t\t<\/div>\n\t\t<\/div>\t\t\t\t<\/div>\n\t\t\t\t<\/div>\n\t\t\t\t\t\t<\/div>\n\t\t\t\t\t<\/div>\n\t\t<\/div>\n\t\t\t\t<div class=\"elementor-column elementor-col-33 elementor-inner-column elementor-element elementor-element-4db2fe4\" data-id=\"4db2fe4\" data-element_type=\"column\">\n\t\t\t<div class=\"elementor-column-wrap elementor-element-populated\">\n\t\t\t\t\t\t\t<div class=\"elementor-widget-wrap\">\n\t\t\t\t\t\t<div class=\"elementor-element elementor-element-7a12e12 unicamp-animation-zoom-in unicamp-graphic-position-top elementor-invisible elementor-widget elementor-widget-tm-image-box\" data-id=\"7a12e12\" data-element_type=\"widget\" data-settings=\"{&quot;_animation&quot;:&quot;unicampFadeInUp&quot;}\" data-widget_type=\"tm-image-box.default\">\n\t\t\t\t<div class=\"elementor-widget-container\">\n\t\t\t\t\t<div class=\"tm-image-box unicamp-box style-03\">\t\t<div class=\"unicamp-graphic-box content-wrap\">\n\n\t\t\t\t\t\t\t<div class=\"unicamp-graphic-element image-wrap\">\n\t\t\t\t\t<div class=\"unicamp-image image\">\n\t\t\t\t\t\t<img decoding=\"async\"  loading=\"lazy\" src=\"https:\/\/ugestalt.edu.mx\/space\/wp-content\/uploads\/2021\/08\/Captura-de-Pantalla-2021-08-02-a-las-0.16.55-480x352.png\" alt=\"Captura de Pantalla 2021-08-02 a la(s) 0.16.55\" width=\"480\" height=\"352\" \/>\t\t\t\t\t<\/div>\n\n\t\t\t\t\t\t\t\t\t<\/div>\n\t\t\t\n\t\t\t<div class=\"unicamp-graphic-content box-caption-wrap\">\n\t\t\t\t<div class=\"box-caption\">\n\t\t\t\t\t\t\t\t\t\t\t<h3 class=\"title\">Maestr\u00eda en Psicoterapia Gestalt 2 A\u00f1os<\/h3>\t\t\t\t\t\n\t\t\t\t\t\t\t<div class=\"description\">\n\t\t\t<br>\n<p><mark>Modalidad<\/mark><br>\nPresencial<\/p>\n\n<p><mark>Duraci\u00f3n<\/mark><br>\n4 Semestres<\/p>\n\n<p><mark>Horario<\/mark><br>\nVespertino<br>\n\nMartes a Viernes de 18:00 a 22:00 hrs<br><br>\n\nSabatino<br>\nDos s\u00e1bados de 10:00 a 20:00 hrs y uno de 8:00 a 14:00 hrs<\/p>\t\t<\/div>\n\t\t\n\t\t\t\t\t\t\t<div class=\"tm-button-wrapper\">\n\t\t\t<a class=\"tm-button style-bottom-line tm-button-nm icon-left\" href=\"http:\/\/ugestalt.edu.mx\/docs\/folletos\/PlanMaesstria.pdf\" target=\"_blank\">\t\t\t<div class=\"button-content-wrapper\">\n\t\t\t\t\t\t\t\t\t<span class=\"button-icon\">\n\t\t\t\t\t\t\t<i class=\"far fa-books\"><\/i>\t\t\t\t\t\t<\/span>\n\t\t\t\t\n\t\t\t\t\t\t\t\t\t<span class=\"button-text\">Ver Plan de Estudios<\/span>\n\t\t\t\t\n\t\t\t\t\t\t\t<\/div>\n\t\t\t<\/a>\t\t<\/div>\n\t\t\t\t\t\t<\/div>\n\t\t\t<\/div>\n\n\t\t<\/div>\n\t\t<\/div>\t\t\t\t<\/div>\n\t\t\t\t<\/div>\n\t\t\t\t\t\t<\/div>\n\t\t\t\t\t<\/div>\n\t\t<\/div>\n\t\t\t\t<div class=\"elementor-column elementor-col-33 elementor-inner-column elementor-element elementor-element-07c84ba\" data-id=\"07c84ba\" data-element_type=\"column\">\n\t\t\t<div class=\"elementor-column-wrap elementor-element-populated\">\n\t\t\t\t\t\t\t<div class=\"elementor-widget-wrap\">\n\t\t\t\t\t\t<div class=\"elementor-element elementor-element-501d6d5 unicamp-animation-zoom-in unicamp-graphic-position-top elementor-invisible elementor-widget elementor-widget-tm-image-box\" data-id=\"501d6d5\" data-element_type=\"widget\" data-settings=\"{&quot;_animation&quot;:&quot;unicampFadeInUp&quot;}\" data-widget_type=\"tm-image-box.default\">\n\t\t\t\t<div class=\"elementor-widget-container\">\n\t\t\t\t\t<div class=\"tm-image-box unicamp-box style-03\">\t\t<div class=\"unicamp-graphic-box content-wrap\">\n\n\t\t\t\t\t\t\t<div class=\"unicamp-graphic-element image-wrap\">\n\t\t\t\t\t<div class=\"unicamp-image image\">\n\t\t\t\t\t\t<img decoding=\"async\"  loading=\"lazy\" src=\"https:\/\/ugestalt.edu.mx\/space\/wp-content\/uploads\/2021\/08\/Captura-de-Pantalla-2021-08-02-a-las-0.17.06-480x352.png\" alt=\"Captura de Pantalla 2021-08-02 a la(s) 0.17.06\" width=\"480\" height=\"352\" \/>\t\t\t\t\t<\/div>\n\n\t\t\t\t\t\t\t\t\t<\/div>\n\t\t\t\n\t\t\t<div class=\"unicamp-graphic-content box-caption-wrap\">\n\t\t\t\t<div class=\"box-caption\">\n\t\t\t\t\t\t\t\t\t\t\t<h3 class=\"title\">Maestr\u00eda en Psicoterapia Gestalt (No Escolarizada)<\/h3>\t\t\t\t\t\n\t\t\t\t\t\t\t<div class=\"description\">\n\t\t\t<br>\n<p><mark>Modalidad<\/mark><br>\nNo Escolarizado \/ Sistema 24\/7<\/p>\n\n<p><mark>Duraci\u00f3n<\/mark><br>\n6 Semestres<\/p>\n\n<p><mark>Horario<\/mark><br>\nSistema en l\u00ednea (cuando quieras, donde quieras)<\/p>\t\t<\/div>\n\t\t\n\t\t\t\t\t\t\t<div class=\"tm-button-wrapper\">\n\t\t\t<a class=\"tm-button style-bottom-line tm-button-nm icon-left\" href=\"http:\/\/ugestalt.edu.mx\/docs\/folletos\/PlanMaesstriaPG3anosenlineacorre.pdf\" target=\"_blank\">\t\t\t<div class=\"button-content-wrapper\">\n\t\t\t\t\t\t\t\t\t<span class=\"button-icon\">\n\t\t\t\t\t\t\t<i class=\"fal fa-books\"><\/i>\t\t\t\t\t\t<\/span>\n\t\t\t\t\n\t\t\t\t\t\t\t\t\t<span class=\"button-text\">Ver Plan de Estudios<\/span>\n\t\t\t\t\n\t\t\t\t\t\t\t<\/div>\n\t\t\t<\/a>\t\t<\/div>\n\t\t\t\t\t\t<\/div>\n\t\t\t<\/div>\n\n\t\t<\/div>\n\t\t<\/div>\t\t\t\t<\/div>\n\t\t\t\t<\/div>\n\t\t\t\t\t\t<\/div>\n\t\t\t\t\t<\/div>\n\t\t<\/div>\n\t\t\t\t\t\t\t\t<\/div>\n\t\t\t\t\t<\/div>\n\t\t<\/section>\n\t\t\t\t<div class=\"elementor-element elementor-element-57b2dd1 elementor-widget elementor-widget-spacer\" data-id=\"57b2dd1\" data-element_type=\"widget\" data-widget_type=\"spacer.default\">\n\t\t\t\t<div class=\"elementor-widget-container\">\n\t\t\t\t\t<div class=\"elementor-spacer\">\n\t\t\t<div class=\"elementor-spacer-inner\"><\/div>\n\t\t<\/div>\n\t\t\t\t<\/div>\n\t\t\t\t<\/div>\n\t\t\t\t\t\t<\/div>\n\t\t\t\t\t<\/div>\n\t\t<\/div>\n\t\t\t\t\t\t\t\t<\/div>\n\t\t\t\t\t<\/div>\n\t\t<\/section>\n\t\t\t\t<section class=\"elementor-section elementor-top-section elementor-element elementor-element-0975826 elementor-section-boxed elementor-section-gap-beside-yes elementor-section-height-default elementor-section-height-default elementor-section-column-vertical-align-stretch\" data-id=\"0975826\" data-element_type=\"section\">\n\t\t\t\t\t\t<div class=\"elementor-container elementor-column-gap-extended\">\n\t\t\t\t\t\t\t<div class=\"elementor-row\">\n\t\t\t\t\t<div class=\"elementor-column elementor-col-66 elementor-top-column elementor-element elementor-element-d7a3b20\" data-id=\"d7a3b20\" data-element_type=\"column\">\n\t\t\t<div class=\"elementor-column-wrap elementor-element-populated\">\n\t\t\t\t\t\t\t<div class=\"elementor-widget-wrap\">\n\t\t\t\t\t\t<div class=\"elementor-element elementor-element-c2bfd6b elementor-widget elementor-widget-text-editor\" data-id=\"c2bfd6b\" data-element_type=\"widget\" data-widget_type=\"text-editor.default\">\n\t\t\t\t<div class=\"elementor-widget-container\">\n\t\t\t\t\t\t\t\t<div class=\"elementor-text-editor elementor-clearfix\">\n\t\t\t\t<p>Consulte la documentaci\u00f3n a presentar para iniciar el <strong>Proceso de Inscripci\u00f3n.<\/strong><\/p><p>Le recordamos que toda su informaci\u00f3n estar\u00e1 tratada bajo los lineamientos establecidos en nuestro Aviso de Privacidad. No compartiremos ning\u00fan dato sin su previo consentimiento.\u00a0<\/p>\t\t\t\t\t<\/div>\n\t\t\t\t\t\t<\/div>\n\t\t\t\t<\/div>\n\t\t\t\t\t\t<\/div>\n\t\t\t\t\t<\/div>\n\t\t<\/div>\n\t\t\t\t<div class=\"elementor-column elementor-col-33 elementor-top-column elementor-element elementor-element-fe4cb24\" data-id=\"fe4cb24\" data-element_type=\"column\">\n\t\t\t<div class=\"elementor-column-wrap elementor-element-populated\">\n\t\t\t\t\t\t\t<div class=\"elementor-widget-wrap\">\n\t\t\t\t\t\t<div class=\"elementor-element elementor-element-69b7708 elementor-align-center elementor-widget elementor-widget-button\" data-id=\"69b7708\" data-element_type=\"widget\" data-widget_type=\"button.default\">\n\t\t\t\t<div class=\"elementor-widget-container\">\n\t\t\t\t\t<div class=\"elementor-button-wrapper\">\n\t\t\t<a href=\"http:\/\/ugestalt.edu.mx\/docs\/pdf\/PE\/requisitos\/Req_Mtria.pdf\" target=\"_blank\" class=\"elementor-button-link elementor-button elementor-size-sm\" role=\"button\">\n\t\t\t\t\t\t<span class=\"elementor-button-content-wrapper\">\n\t\t\t\t\t\t\t<span class=\"elementor-button-icon elementor-align-icon-left\">\n\t\t\t\t<i aria-hidden=\"true\" class=\"far fa-clipboard-list-check\"><\/i>\t\t\t<\/span>\n\t\t\t\t\t\t<span class=\"elementor-button-text\">Ver Requisitos de Inscripci\u00f3n<\/span>\n\t\t<\/span>\n\t\t\t\t\t<\/a>\n\t\t<\/div>\n\t\t\t\t<\/div>\n\t\t\t\t<\/div>\n\t\t\t\t\t\t<\/div>\n\t\t\t\t\t<\/div>\n\t\t<\/div>\n\t\t\t\t\t\t\t\t<\/div>\n\t\t\t\t\t<\/div>\n\t\t<\/section>\n\t\t\t\t\t\t\t\t\t<\/div>\n\t\t\t<\/div>\n\t\t\t\t\t<\/div>\n\t\t","protected":false},"excerpt":{"rendered":"<p>Maestr\u00edas Maestr\u00edas con Enfoque Gestalt Maestr\u00eda en Educaci\u00f3n Modalidad Semipresencial Duraci\u00f3n 5 Cuatrimestres Horario Una sesi\u00f3n presencial (un s\u00e1bado al mes) Tres sesiones virtuales (durante el mes) Ver Plan de Estudios Maestr\u00eda en Psicoterapia Gestalt 2 A\u00f1os Modalidad Presencial Duraci\u00f3n 4 Semestres Horario Vespertino Martes a Viernes de 18:00 a 22:00 hrs Sabatino Dos s\u00e1bados de 10:00 a 20:00 hrs y uno de 8:00 a 14:00 hrs Ver Plan de Estudios Maestr\u00eda en Psicoterapia Gestalt (No Escolarizada) Modalidad No Escolarizado \/ Sistema 24\/7 Duraci\u00f3n 6 Semestres Horario Sistema en l\u00ednea (cuando quieras, donde quieras) Ver Plan de Estudios Consulte la documentaci\u00f3n a presentar para iniciar el Proceso de Inscripci\u00f3n. Le recordamos que toda su informaci\u00f3n estar\u00e1 tratada bajo los lineamientos establecidos en nuestro Aviso de Privacidad. No compartiremos ning\u00fan dato sin su previo consentimiento.\u00a0 Ver Requisitos de Inscripci\u00f3n<\/p>\n","protected":false},"author":1,"featured_media":0,"parent":0,"menu_order":0,"comment_status":"closed","ping_status":"closed","template":"","meta":{"footnotes":""},"class_list":["post-4004","page","type-page","status-publish","hentry","post-no-thumbnail"],"_links":{"self":[{"href":"https:\/\/ugestalt.edu.mx\/space\/wp-json\/wp\/v2\/pages\/4004","targetHints":{"allow":["GET"]}}],"collection":[{"href":"https:\/\/ugestalt.edu.mx\/space\/wp-json\/wp\/v2\/pages"}],"about":[{"href":"https:\/\/ugestalt.edu.mx\/space\/wp-json\/wp\/v2\/types\/page"}],"author":[{"embeddable":true,"href":"https:\/\/ugestalt.edu.mx\/space\/wp-json\/wp\/v2\/users\/1"}],"replies":[{"embeddable":true,"href":"https:\/\/ugestalt.edu.mx\/space\/wp-json\/wp\/v2\/comments?post=4004"}],"version-history":[{"count":98,"href":"https:\/\/ugestalt.edu.mx\/space\/wp-json\/wp\/v2\/pages\/4004\/revisions"}],"predecessor-version":[{"id":5102,"href":"https:\/\/ugestalt.edu.mx\/space\/wp-json\/wp\/v2\/pages\/4004\/revisions\/5102"}],"wp:attachment":[{"href":"https:\/\/ugestalt.edu.mx\/space\/wp-json\/wp\/v2\/media?parent=4004"}],"curies":[{"name":"wp","href":"https:\/\/api.w.org\/{rel}","templated":true}]}}